{"id":73,"date":"2024-06-02T14:32:11","date_gmt":"2024-06-02T14:32:11","guid":{"rendered":"https:\/\/beetranslated.com\/?page_id=73"},"modified":"2024-07-01T17:14:39","modified_gmt":"2024-07-01T17:14:39","slug":"blog","status":"publish","type":"page","link":"https:\/\/beetranslated.com\/en\/blog\/","title":{"rendered":"Blog"},"content":{"rendered":"<div class=\"wp-block-query is-layout-flow wp-block-query-is-layout-flow\"><ul class=\"wp-block-post-template is-layout-flow wp-block-post-template-is-layout-flow\"><li class=\"wp-block-post post-254 post type-post status-publish format-standard hentry category-blog\">\n<h2 class=\"wp-block-post-title\"><a href=\"https:\/\/beetranslated.com\/en\/cuanto-cuesta-una-traduccion-certificada-jurada-u-oficial\/\" target=\"_self\" >\u00bfCu\u00e1nto cuesta una traducci\u00f3n certificada, jurada u oficial?<\/a><\/h2>\n\n\n\n<div class=\"wp-block-post-excerpt\"><p class=\"wp-block-post-excerpt__excerpt\">El precio de una traducci\u00f3n jurada no se puede fijar sin haber visto el documento antes. Normalmente\u00a0calculamos el precio por l\u00ednea normativa, palabras o tiempo. Adem\u00e1s, se pueden aplicar recargos por trabajo de formateo, manuscritos, dificultad, traducciones urgentes, etc. Si necesita presupuesto para traducir sus documentos, env\u00edenos una copia escaneada\u00a0a\u00a0info@beetranslated.com\u00a0y le responderemos indic\u00e1ndole el precio&hellip; <\/p><\/div>\n\n\n<hr class=\"wp-block-separator has-css-opacity\"\/>\n\n\n<div class=\"wp-block-post-date\"><time datetime=\"2024-09-09T09:21:01+00:00\">September 9, 2024<\/time><\/div>\n<\/li><li class=\"wp-block-post post-249 post type-post status-publish format-standard hentry category-blog\">\n<h2 class=\"wp-block-post-title\"><a href=\"https:\/\/beetranslated.com\/en\/que-paises-necesitan-o-no-un-visado-de-turista-para-realizar-un-curso-de-ingles-en-el-reino-unido\/\" target=\"_self\" >\u00bfQu\u00e9 pa\u00edses necesitan o no un visado de turista para realizar un curso de ingl\u00e9s en el Reino Unido?<\/a><\/h2>\n\n\n\n<div class=\"wp-block-post-excerpt\"><p class=\"wp-block-post-excerpt__excerpt\">Pa\u00edses que NO requieren un visado de turista para realizar un curso de ingl\u00e9s: Los ciudadanos de la Uni\u00f3n Europea (UE) excepto Irlanda, el Espacio Econ\u00f3mico Europeo (EEE) y Suiza. Todos esto pa\u00edses pueden visitar y estudiar ingl\u00e9s en el Reino Unido para estancias de corta duraci\u00f3n de hasta 6 meses sin visado. Programa de&hellip; <\/p><\/div>\n\n\n<hr class=\"wp-block-separator has-css-opacity\"\/>\n\n\n<div class=\"wp-block-post-date\"><time datetime=\"2024-09-09T08:39:38+00:00\">September 9, 2024<\/time><\/div>\n<\/li><li class=\"wp-block-post post-245 post type-post status-publish format-standard hentry category-blog\">\n<h2 class=\"wp-block-post-title\"><a href=\"https:\/\/beetranslated.com\/en\/necesito-un-visado-de-estudios-para-hacer-un-curso-de-ingles\/\" target=\"_self\" >\u00bfNecesito un visado de estudios para hacer un curso de ingl\u00e9s?<\/a><\/h2>\n\n\n\n<div class=\"wp-block-post-excerpt\"><p class=\"wp-block-post-excerpt__excerpt\">La respuesta es NO. Para estudiar un curso de ingl\u00e9s en el Reino Unido, necesitar\u00e1s solo solicitar el Visado de Turista (Standard Visitor Visa). Puede visitar el Reino Unido como turista por motivos de turismo, negocios, estudios (cursos de hasta 6 meses) y otras actividades permitidas. Normalmente puede permanecer en el Reino Unido un m\u00e1ximo&hellip; <\/p><\/div>\n\n\n<hr class=\"wp-block-separator has-css-opacity\"\/>\n\n\n<div class=\"wp-block-post-date\"><time datetime=\"2024-09-09T07:56:26+00:00\">September 9, 2024<\/time><\/div>\n<\/li><\/ul><\/div>","protected":false},"excerpt":{"rendered":"","protected":false},"author":1,"featured_media":0,"parent":0,"menu_order":0,"comment_status":"closed","ping_status":"closed","template":"","meta":{"footnotes":""},"_links":{"self":[{"href":"https:\/\/beetranslated.com\/en\/wp-json\/wp\/v2\/pages\/73"}],"collection":[{"href":"https:\/\/beetranslated.com\/en\/wp-json\/wp\/v2\/pages"}],"about":[{"href":"https:\/\/beetranslated.com\/en\/wp-json\/wp\/v2\/types\/page"}],"author":[{"embeddable":true,"href":"https:\/\/beetranslated.com\/en\/wp-json\/wp\/v2\/users\/1"}],"replies":[{"embeddable":true,"href":"https:\/\/beetranslated.com\/en\/wp-json\/wp\/v2\/comments?post=73"}],"version-history":[{"count":11,"href":"https:\/\/beetranslated.com\/en\/wp-json\/wp\/v2\/pages\/73\/revisions"}],"predecessor-version":[{"id":177,"href":"https:\/\/beetranslated.com\/en\/wp-json\/wp\/v2\/pages\/73\/revisions\/177"}],"wp:attachment":[{"href":"https:\/\/beetranslated.com\/en\/wp-json\/wp\/v2\/media?parent=73"}],"curies":[{"name":"wp","href":"https:\/\/api.w.org\/{rel}","templated":true}]}}