{"id":19,"date":"2024-04-10T18:45:42","date_gmt":"2024-04-10T18:45:42","guid":{"rendered":"https:\/\/beetranslated.com\/?page_id=19"},"modified":"2024-09-09T09:13:52","modified_gmt":"2024-09-09T09:13:52","slug":"servicios","status":"publish","type":"page","link":"https:\/\/beetranslated.com\/en\/servicios\/","title":{"rendered":"Services"},"content":{"rendered":"<div class=\"wp-block-group alignfull has-global-padding is-layout-constrained wp-block-group-is-layout-constrained\" style=\"margin-top:0;margin-bottom:0;padding-top:var(--wp--preset--spacing--50);padding-right:var(--wp--preset--spacing--50);padding-bottom:var(--wp--preset--spacing--50);padding-left:var(--wp--preset--spacing--50)\">\n<div class=\"wp-block-group alignwide has-base-2-background-color has-background has-global-padding is-layout-constrained wp-block-group-is-layout-constrained\" style=\"border-radius:16px;padding-top:var(--wp--preset--spacing--50);padding-right:var(--wp--preset--spacing--40);padding-bottom:var(--wp--preset--spacing--50);padding-left:var(--wp--preset--spacing--40)\">\n<div class=\"wp-block-group alignwide is-vertical is-content-justification-stretch is-layout-flex wp-container-core-group-is-layout-1 wp-block-group-is-layout-flex\">\n<h2 class=\"wp-block-heading has-text-align-center\">Our services<\/h2>\n\n\n\n<h4 class=\"wp-block-heading has-text-align-center is-style-asterisk wp-container-content-1\"><\/h4>\n\n\n\n<p class=\"has-text-align-center\">We are a team of certified translators, committed to excellence and accuracy in every project we undertake. With extensive experience in sworn and certified translations, as well as simple document translations, our goal is to provide high-quality linguistic solutions tailored to your specific needs. We understand the importance of each document and the relevance of precise and official translations, especially when it comes to legal, medical, and administrative procedures.<\/p>\n\n\n\n<h4 class=\"wp-block-heading has-text-align-center is-style-asterisk wp-container-content-2\"><\/h4>\n\n\n\n<p class=\"has-text-align-center\">Below, we detail the services we offer, designed to ensure that your documents are accepted and understood in the most demanding contexts.<\/p>\n\n\n\n<h5 class=\"wp-block-heading alignwide has-text-align-center\" id=\"we-re-a-studio-in-berlin-with-an-international-practice-in-architecture-urban-planning-and-interior-design-we-believe-in-sharing-knowledge-and-promoting-dialogue-to-increase-the-creative-potential-of-collaboration\" style=\"font-size:clamp(27.894px, 1.743rem + ((1vw - 3.2px) * 2.094), 48px);line-height:1.1\"><\/h5>\n<\/div>\n\n\n\n<div class=\"wp-block-columns alignwide is-layout-flex wp-container-core-columns-is-layout-1 wp-block-columns-is-layout-flex\" style=\"margin-bottom:0\">\n<div class=\"wp-block-column has-text-color has-background has-link-color wp-elements-7a8232e65194d91100e33d2386ded028 is-layout-flow wp-block-column-is-layout-flow\" style=\"color:#000000;background-color:#c7ceea;padding-top:2em;padding-right:2em;padding-bottom:2em;padding-left:2em\">\n<p><strong>Traducciones juradas al espa\u00f1ol<\/strong><\/p>\n\n\n\n<p><\/p>\n\n\n\n<p class=\"has-normal-font-size\" style=\"line-height:1.5\"><em>For submission in Spain<\/em><\/p>\n\n\n\n<hr class=\"wp-block-separator has-text-color has-css-opacity has-background is-style-wide\" style=\"background-color:#000000;color:#000000\"\/>\n\n\n\n<ul>\n<li>Officially recognized and valid translations for legal, academic, and administrative procedures in Spain.<\/li>\n<\/ul>\n\n\n\n<ul class=\"has-normal-font-size\">\n<li><a href=\"https:\/\/beetranslated.com\/blog\/\" data-type=\"page\" data-id=\"73\">Documents that require sworn translation.<\/a><\/li>\n\n\n\n<li>MAEC certification<\/li>\n<\/ul>\n<\/div>\n\n\n\n<div class=\"wp-block-column has-text-color has-background has-link-color wp-elements-ba9183582104422bd65663fef14809ba is-layout-flow wp-block-column-is-layout-flow\" style=\"color:#000000;background-color:#b5ead7;padding-top:2em;padding-right:2em;padding-bottom:2em;padding-left:2em\">\n<p><strong>Traducciones juradas al alem\u00e1n<\/strong><\/p>\n\n\n\n<p class=\"has-normal-font-size\" style=\"line-height:1.5\"><em>Para entregar en Alemania<\/em><\/p>\n\n\n\n<hr class=\"wp-block-separator has-css-opacity is-style-wide\"\/>\n\n\n\n<ul class=\"has-normal-font-size\">\n<li>Garant\u00eda de aceptaci\u00f3n en cualquier organismo alem\u00e1n para fines legales, acad\u00e9micos, m\u00e9dicos y administrativos.<\/li>\n\n\n\n<li><a href=\"https:\/\/beetranslated.com\/blog\/\" data-type=\"page\" data-id=\"73\">Documents that require sworn translation.<\/a><\/li>\n\n\n\n<li>Certificaci\u00f3n por Traductor Jurado de cualquier Tribunal alem\u00e1n.<\/li>\n<\/ul>\n<\/div>\n<\/div>\n\n\n\n<div class=\"wp-block-columns alignwide is-layout-flex wp-container-core-columns-is-layout-2 wp-block-columns-is-layout-flex\" style=\"margin-bottom:0\">\n<div class=\"wp-block-column has-text-color has-background has-link-color wp-elements-0e3e3cda42402dcd14143d521d6d2207 is-layout-flow wp-block-column-is-layout-flow\" style=\"color:#000000;background-color:#e2f0cb;padding-top:2em;padding-right:2em;padding-bottom:2em;padding-left:2em\">\n<p style=\"font-size:clamp(24.034px, 1.502rem + ((1vw - 3.2px) * 1.663), 40px);\"><\/p>\n\n\n\n<p><strong>Traducciones certificadas <\/strong><\/p>\n\n\n\n<p class=\"has-normal-font-size\" style=\"line-height:1.5\"><em>Para entregar&nbsp;en&nbsp;Reino&nbsp;Unido<\/em><\/p>\n\n\n\n<hr class=\"wp-block-separator has-text-color has-css-opacity has-background is-style-wide\" style=\"background-color:#000000;color:#000000\"\/>\n\n\n\n<ul class=\"has-normal-font-size\">\n<li>Traducciones certificadas al ingl\u00e9s.<\/li>\n\n\n\n<li>Guarantee of compliance with legal, medical, academic, and administrative requirements in the United Kingdom.<\/li>\n\n\n\n<li><a href=\"https:\/\/beetranslated.com\/blog\/\" data-type=\"page\" data-id=\"73\">Documents that require sworn translation.<\/a><\/li>\n\n\n\n<li>CIOL or ITI certification<\/li>\n<\/ul>\n<\/div>\n\n\n\n<div class=\"wp-block-column has-text-color has-background has-link-color wp-elements-00f834a2d6004750e7b6174f9d847bb0 is-layout-flow wp-block-column-is-layout-flow\" style=\"color:#000000;background-color:#ffdac1;padding-top:2em;padding-right:2em;padding-bottom:2em;padding-left:2em\">\n<p style=\"font-size:clamp(24.034px, 1.502rem + ((1vw - 3.2px) * 1.663), 40px);\"><\/p>\n\n\n\n<p><strong><strong>Translation of simple documents<\/strong><\/strong><\/p>\n\n\n\n<p class=\"has-normal-font-size\"><em>For general use<\/em><\/p>\n\n\n\n<hr class=\"wp-block-separator has-css-opacity is-style-wide\"\/>\n\n\n\n<ul class=\"has-normal-font-size\">\n<li>Translation of non-official documents such as CVs, letters, and emails.<\/li>\n\n\n\n<li>Accuracy and quality guaranteed.<\/li>\n<\/ul>\n<\/div>\n<\/div>\n\n\n\n<p><strong>Solicite m\u00e1s informaci\u00f3n en info@beetranslated.com<\/strong><\/p>\n\n\n\n<div style=\"height:63px\" aria-hidden=\"true\" class=\"wp-block-spacer\"><\/div>\n\n\n\n<h2 class=\"wp-block-heading has-text-align-center is-style-default\">Certifications<\/h2>\n\n\n\n<figure class=\"wp-block-image aligncenter size-large is-resized\"><a href=\"https:\/\/www.atanet.org\/notice-system-maintenance-in-progress\/?id=25750\"><img loading=\"lazy\" decoding=\"async\" width=\"425\" height=\"500\" src=\"https:\/\/beetranslated.com\/wp-content\/uploads\/2024\/06\/ATA_logo_mug.png\" alt=\"\" class=\"wp-image-114\" style=\"width:169px;height:auto\" srcset=\"https:\/\/beetranslated.com\/wp-content\/uploads\/2024\/06\/ATA_logo_mug.png 425w, https:\/\/beetranslated.com\/wp-content\/uploads\/2024\/06\/ATA_logo_mug-255x300.png 255w\" sizes=\"(max-width: 425px) 100vw, 425px\" \/><\/a><\/figure>\n\n\n\n<figure class=\"wp-block-image aligncenter size-full is-resized\"><a href=\"https:\/\/www.ciol.org.uk\/member-check?id=77100\"><img loading=\"lazy\" decoding=\"async\" width=\"296\" height=\"296\" src=\"https:\/\/beetranslated.com\/wp-content\/uploads\/2024\/07\/Member-square-logo.png\" alt=\"\" class=\"wp-image-160\" style=\"width:236px;height:auto\" srcset=\"https:\/\/beetranslated.com\/wp-content\/uploads\/2024\/07\/Member-square-logo.png 296w, https:\/\/beetranslated.com\/wp-content\/uploads\/2024\/07\/Member-square-logo-150x150.png 150w\" sizes=\"(max-width: 296px) 100vw, 296px\" \/><\/a><\/figure>\n\n\n\n<figure class=\"wp-block-image aligncenter size-large is-resized\"><a href=\"https:\/\/www.tradinfo.org\/trova-un-professionista\/user\/mparis20gmail-com\/\"><img loading=\"lazy\" decoding=\"async\" width=\"184\" height=\"155\" src=\"https:\/\/beetranslated.com\/wp-content\/uploads\/2024\/06\/unnamed.png\" alt=\"\" class=\"wp-image-115\" style=\"width:224px;height:auto\"\/><\/a><\/figure>\n\n\n\n<figure class=\"wp-block-gallery has-nested-images columns-default is-cropped wp-block-gallery-3 is-layout-flex wp-block-gallery-is-layout-flex\">\n<figure class=\"wp-block-image size-full is-style-rounded\"><a href=\"https:\/\/www.iti.org.uk\/directory\/translator\/miss-miriam-pars-mellado.html?from=english&amp;to=spanish\"><img loading=\"lazy\" decoding=\"async\" width=\"2000\" height=\"2000\" src=\"https:\/\/beetranslated.com\/wp-content\/uploads\/2024\/07\/MITI-logo-1.png\" alt=\"\" class=\"wp-image-156\" srcset=\"https:\/\/beetranslated.com\/wp-content\/uploads\/2024\/07\/MITI-logo-1.png 2000w, https:\/\/beetranslated.com\/wp-content\/uploads\/2024\/07\/MITI-logo-1-300x300.png 300w, https:\/\/beetranslated.com\/wp-content\/uploads\/2024\/07\/MITI-logo-1-1024x1024.png 1024w, https:\/\/beetranslated.com\/wp-content\/uploads\/2024\/07\/MITI-logo-1-150x150.png 150w, https:\/\/beetranslated.com\/wp-content\/uploads\/2024\/07\/MITI-logo-1-768x768.png 768w, https:\/\/beetranslated.com\/wp-content\/uploads\/2024\/07\/MITI-logo-1-1536x1536.png 1536w\" sizes=\"(max-width: 2000px) 100vw, 2000px\" \/><\/a><\/figure>\n<\/figure>\n\n\n\n<figure class=\"wp-block-gallery has-nested-images columns-default is-cropped wp-block-gallery-4 is-layout-flex wp-block-gallery-is-layout-flex\">\n<figure class=\"wp-block-image size-large\"><a href=\"https:\/\/asetrad.org\/fichasocio?id=4868\"><img loading=\"lazy\" decoding=\"async\" width=\"1024\" height=\"607\" src=\"https:\/\/beetranslated.com\/wp-content\/uploads\/2024\/06\/logo_asetrad_socia_profesional-1024x607.jpg\" alt=\"\" class=\"wp-image-117\" srcset=\"https:\/\/beetranslated.com\/wp-content\/uploads\/2024\/06\/logo_asetrad_socia_profesional-1024x607.jpg 1024w, https:\/\/beetranslated.com\/wp-content\/uploads\/2024\/06\/logo_asetrad_socia_profesional-300x178.jpg 300w, https:\/\/beetranslated.com\/wp-content\/uploads\/2024\/06\/logo_asetrad_socia_profesional-768x455.jpg 768w, https:\/\/beetranslated.com\/wp-content\/uploads\/2024\/06\/logo_asetrad_socia_profesional.jpg 1147w\" sizes=\"(max-width: 1024px) 100vw, 1024px\" \/><\/a><\/figure>\n<\/figure>\n<\/div>\n<\/div>\n\n\n\n<p><\/p>","protected":false},"excerpt":{"rendered":"<p>Nuestros servicios Somos un equipo de traductores certificados, comprometidos con la excelencia y la precisi\u00f3n en cada proyecto que emprendemos. Con una vasta experiencia en traducciones juradas y certificadas, as\u00ed como en traducciones de documentos simples, nuestro objetivo es ofrecer soluciones ling\u00fc\u00edsticas de alta calidad adaptadas a tus necesidades espec\u00edficas. Entendemos la importancia de cada [&hellip;]<\/p>","protected":false},"author":1,"featured_media":0,"parent":0,"menu_order":0,"comment_status":"closed","ping_status":"closed","template":"","meta":{"footnotes":""},"_links":{"self":[{"href":"https:\/\/beetranslated.com\/en\/wp-json\/wp\/v2\/pages\/19"}],"collection":[{"href":"https:\/\/beetranslated.com\/en\/wp-json\/wp\/v2\/pages"}],"about":[{"href":"https:\/\/beetranslated.com\/en\/wp-json\/wp\/v2\/types\/page"}],"author":[{"embeddable":true,"href":"https:\/\/beetranslated.com\/en\/wp-json\/wp\/v2\/users\/1"}],"replies":[{"embeddable":true,"href":"https:\/\/beetranslated.com\/en\/wp-json\/wp\/v2\/comments?post=19"}],"version-history":[{"count":35,"href":"https:\/\/beetranslated.com\/en\/wp-json\/wp\/v2\/pages\/19\/revisions"}],"predecessor-version":[{"id":253,"href":"https:\/\/beetranslated.com\/en\/wp-json\/wp\/v2\/pages\/19\/revisions\/253"}],"wp:attachment":[{"href":"https:\/\/beetranslated.com\/en\/wp-json\/wp\/v2\/media?parent=19"}],"curies":[{"name":"wp","href":"https:\/\/api.w.org\/{rel}","templated":true}]}}